{"id":995,"date":"2011-12-30T19:52:39","date_gmt":"2011-12-30T19:52:39","guid":{"rendered":"http:\/\/www.fieldarts.com\/?page_id=995"},"modified":"2022-06-09T12:17:06","modified_gmt":"2022-06-09T10:17:06","slug":"presentation","status":"publish","type":"page","link":"https:\/\/www.fieldarts.com\/?page_id=995","title":{"rendered":"Qui sommes nous ?"},"content":{"rendered":"<table border=\"0\" width=\"596\" cellspacing=\"3\" cellpadding=\"3\">\n<tbody>\n<tr>\n<td><a href=\"http:\/\/www.fieldarts.com\/?page_id=714\"><img loading=\"lazy\" decoding=\"async\" class=\"alignleft size-full wp-image-1053\" title=\"R09 P''\" src=\"http:\/\/www.fieldarts.com\/wp-content\/uploads\/2011\/12\/R09-P1.jpg\" alt=\"\" width=\"300\" height=\"230\" srcset=\"https:\/\/www.fieldarts.com\/wp-content\/uploads\/2011\/12\/R09-P1.jpg 300w, https:\/\/www.fieldarts.com\/wp-content\/uploads\/2011\/12\/R09-P1-228x175.jpg 228w\" sizes=\"auto, (max-width: 300px) 100vw, 300px\" \/><\/a><\/td>\n<td><a href=\"http:\/\/www.fieldarts.com\/?page_id=714\"><img loading=\"lazy\" decoding=\"async\" class=\"alignleft size-full wp-image-1045\" title=\"present bob morane'\" src=\"http:\/\/www.fieldarts.com\/wp-content\/uploads\/2011\/12\/present-bob-morane.jpg\" alt=\"\" width=\"300\" height=\"230\" srcset=\"https:\/\/www.fieldarts.com\/wp-content\/uploads\/2011\/12\/present-bob-morane.jpg 300w, https:\/\/www.fieldarts.com\/wp-content\/uploads\/2011\/12\/present-bob-morane-228x175.jpg 228w\" sizes=\"auto, (max-width: 300px) 100vw, 300px\" \/><\/a><\/td>\n<td><a href=\"http:\/\/www.fieldarts.com\/?page_id=714\"><img loading=\"lazy\" decoding=\"async\" class=\"alignleft size-full wp-image-1049\" title=\"Max papart present\" src=\"http:\/\/www.fieldarts.com\/wp-content\/uploads\/2011\/12\/Max-papart-present.jpg\" alt=\"\" width=\"300\" height=\"230\" srcset=\"https:\/\/www.fieldarts.com\/wp-content\/uploads\/2011\/12\/Max-papart-present.jpg 300w, https:\/\/www.fieldarts.com\/wp-content\/uploads\/2011\/12\/Max-papart-present-228x175.jpg 228w\" sizes=\"auto, (max-width: 300px) 100vw, 300px\" \/><\/a><\/td>\n<\/tr>\n<\/tbody>\n<\/table>\n<p><strong>Bienvenu sur le site <a href=\"http:\/\/www.fieldarts.com\/?page_id=714\">FIELDARTS<\/a><\/strong><\/p>\n<p>Notre galerie \u00ab\u00a0virtuelle\u00a0\u00bb a ouvert ses portes en D\u00e9cembre 2011.<br \/>\nCelle-ci est n\u00e9e d&rsquo;une volont\u00e9 de rassembler sur une m\u00eame plateforme, les diff\u00e9rents m\u00e9diums artistiques :<br \/>\nSculpture sur bois, Peintures sur toile, Aquarelle sur carton, Encre sur papier&#8230;<br \/>\nDe m\u00eame que de l&rsquo;observation des connivences existants\u00a0 entre les diff\u00e9rents mouvements artistiques :<br \/>\nLa passerelle entre le Street Art et les comic books ;<br \/>\nL&rsquo;influence des illustrateurs des ann\u00e9es 50 sur les auteurs actuels de romans graphiques.<br \/>\nNous esp\u00e9rons que vous trouverez dans ces pages, des \u0153uvres \u00e0 la dimension de votre passion.<br \/>\nBonne visite et \u00e0 bient\u00f4t&#8230;<\/p>\n<table border=\"0\" width=\"412\" cellspacing=\"3\" cellpadding=\"3\">\n<tbody>\n<tr>\n<td>\n<h4><strong><a href=\"..\/wp-content\/uploads\/2011\/12\/zucco2.jpg\"><img loading=\"lazy\" decoding=\"async\" class=\"alignleft size-full wp-image-1089\" title=\"zucco''\" src=\"..\/wp-content\/uploads\/2011\/12\/zucco2.jpg\" alt=\"\" width=\"125\" height=\"150\" \/><\/a><\/strong><\/h4>\n<\/td>\n<td style=\"text-align: left;\">Pour toute question, vous pouvez\u00a0contacter Cyril,<br \/>\nAu 06 09 72 13 83<br \/>\nOu par mail : sir.hill@sfr.fr<\/td>\n<td><\/td>\n<\/tr>\n<\/tbody>\n<\/table>\n","protected":false},"excerpt":{"rendered":"<p>Bienvenu sur le site FIELDARTS Notre galerie \u00ab\u00a0virtuelle\u00a0\u00bb a ouvert ses portes en D\u00e9cembre 2011. Celle-ci est n\u00e9e d&rsquo;une volont\u00e9 de rassembler sur une m\u00eame plateforme, les diff\u00e9rents m\u00e9diums artistiques : Sculpture sur bois, Peintures sur toile, Aquarelle sur carton, Encre sur papier&#8230; De m\u00eame que de l&rsquo;observation des connivences existants\u00a0 entre les diff\u00e9rents mouvements&#8230;<\/p>\n","protected":false},"author":2,"featured_media":0,"parent":0,"menu_order":0,"comment_status":"closed","ping_status":"closed","template":"template-full-width.php","meta":{"footnotes":""},"class_list":["post-995","page","type-page","status-publish","hentry"],"_links":{"self":[{"href":"https:\/\/www.fieldarts.com\/index.php?rest_route=\/wp\/v2\/pages\/995","targetHints":{"allow":["GET"]}}],"collection":[{"href":"https:\/\/www.fieldarts.com\/index.php?rest_route=\/wp\/v2\/pages"}],"about":[{"href":"https:\/\/www.fieldarts.com\/index.php?rest_route=\/wp\/v2\/types\/page"}],"author":[{"embeddable":true,"href":"https:\/\/www.fieldarts.com\/index.php?rest_route=\/wp\/v2\/users\/2"}],"replies":[{"embeddable":true,"href":"https:\/\/www.fieldarts.com\/index.php?rest_route=%2Fwp%2Fv2%2Fcomments&post=995"}],"version-history":[{"count":104,"href":"https:\/\/www.fieldarts.com\/index.php?rest_route=\/wp\/v2\/pages\/995\/revisions"}],"predecessor-version":[{"id":14466,"href":"https:\/\/www.fieldarts.com\/index.php?rest_route=\/wp\/v2\/pages\/995\/revisions\/14466"}],"wp:attachment":[{"href":"https:\/\/www.fieldarts.com\/index.php?rest_route=%2Fwp%2Fv2%2Fmedia&parent=995"}],"curies":[{"name":"wp","href":"https:\/\/api.w.org\/{rel}","templated":true}]}}