{"id":714,"date":"2011-12-11T11:15:23","date_gmt":"2011-12-11T11:15:23","guid":{"rendered":"http:\/\/www.fieldarts.com\/?page_id=714"},"modified":"2026-05-16T09:38:32","modified_gmt":"2026-05-16T07:38:32","slug":"714-2","status":"publish","type":"page","link":"https:\/\/www.fieldarts.com\/","title":{"rendered":"Accueil"},"content":{"rendered":"<p><strong>Exposition <a href=\"https:\/\/www.fieldarts.com\/?cat=431\"><span style=\"color: #993300;\">Lou Zago<\/span><\/a><\/strong> et <a href=\"https:\/\/www.fieldarts.com\/?cat=274\"><span style=\"color: #993300;\"><strong>Cyrille Pom\u00e8s<\/strong><\/span><\/a> <span style=\"color: #800000;\"><span style=\"color: #333333;\"><strong>Du 21 au 30 mai 2026<br \/><\/strong><\/span><strong>Rencontre \/ d\u00e9dicaces le jeudi 21 mai de 16h \u00e0 19h <br \/><\/strong><span style=\"color: #000000;\"><strong>suivi du Vernissage \u00e0 partir de 19h<\/strong><\/span><\/span><br \/>\u00e0 la galerie 43. 43 rue Vandrezanne, Paris 13\u00e8me.<span style=\"color: #ff6600;\"><strong><br \/><span style=\"color: #000000;\">Catalogue visible <a href=\"https:\/\/www.fieldarts.com\/?cat=432\"><span style=\"color: #800000;\"><span style=\"color: #1cad73;\"><span style=\"color: #333399;\"><span style=\"color: #993300;\">ICI<\/span><\/span><\/span><\/span><\/a><\/span><br \/><\/strong><\/span><\/p>\n\n\n<figure class=\"wp-block-image size-large is-resized\"><a href=\"https:\/\/www.fieldarts.com\/?cat=432\"><img loading=\"lazy\" decoding=\"async\" width=\"724\" height=\"1024\" src=\"https:\/\/www.fieldarts.com\/wp-content\/uploads\/2026\/05\/Affiche-Expo-Lou-Zago-Cyrille-Pomes-724x1024.jpg\" alt=\"\" class=\"wp-image-25103\" style=\"width:337px;height:auto\" srcset=\"https:\/\/www.fieldarts.com\/wp-content\/uploads\/2026\/05\/Affiche-Expo-Lou-Zago-Cyrille-Pomes-724x1024.jpg 724w, https:\/\/www.fieldarts.com\/wp-content\/uploads\/2026\/05\/Affiche-Expo-Lou-Zago-Cyrille-Pomes-212x300.jpg 212w, https:\/\/www.fieldarts.com\/wp-content\/uploads\/2026\/05\/Affiche-Expo-Lou-Zago-Cyrille-Pomes-768x1086.jpg 768w, https:\/\/www.fieldarts.com\/wp-content\/uploads\/2026\/05\/Affiche-Expo-Lou-Zago-Cyrille-Pomes-1086x1536.jpg 1086w, https:\/\/www.fieldarts.com\/wp-content\/uploads\/2026\/05\/Affiche-Expo-Lou-Zago-Cyrille-Pomes-1448x2048.jpg 1448w, https:\/\/www.fieldarts.com\/wp-content\/uploads\/2026\/05\/Affiche-Expo-Lou-Zago-Cyrille-Pomes-300x424.jpg 300w, https:\/\/www.fieldarts.com\/wp-content\/uploads\/2026\/05\/Affiche-Expo-Lou-Zago-Cyrille-Pomes-850x1202.jpg 850w, https:\/\/www.fieldarts.com\/wp-content\/uploads\/2026\/05\/Affiche-Expo-Lou-Zago-Cyrille-Pomes.jpg 1587w\" sizes=\"auto, (max-width: 724px) 100vw, 724px\" \/><\/a><\/figure>\n\n\n<div class=\"wp-block-image\">\n<figure class=\"aligncenter size-large is-resized\"><a href=\"https:\/\/www.fieldarts.com\/wp-content\/uploads\/2025\/03\/oiseau-robin.jpg\"><img loading=\"lazy\" decoding=\"async\" width=\"1024\" height=\"827\" src=\"https:\/\/www.fieldarts.com\/wp-content\/uploads\/2025\/03\/oiseau-robin-1024x827.jpg\" alt=\"\" class=\"wp-image-20862\" style=\"width:524px;height:auto\" srcset=\"https:\/\/www.fieldarts.com\/wp-content\/uploads\/2025\/03\/oiseau-robin-1024x827.jpg 1024w, https:\/\/www.fieldarts.com\/wp-content\/uploads\/2025\/03\/oiseau-robin-300x242.jpg 300w, https:\/\/www.fieldarts.com\/wp-content\/uploads\/2025\/03\/oiseau-robin-768x621.jpg 768w, https:\/\/www.fieldarts.com\/wp-content\/uploads\/2025\/03\/oiseau-robin-150x120.jpg 150w, https:\/\/www.fieldarts.com\/wp-content\/uploads\/2025\/03\/oiseau-robin-217x175.jpg 217w, https:\/\/www.fieldarts.com\/wp-content\/uploads\/2025\/03\/oiseau-robin.jpg 1485w\" sizes=\"auto, (max-width: 1024px) 100vw, 1024px\" \/><\/a><\/figure><\/div>\n\n\n<p><\/p>\n","protected":false},"excerpt":{"rendered":"<p>Exposition Lou Zago et Cyrille Pom\u00e8s Du 21 au 30 mai 2026Rencontre \/ d\u00e9dicaces le jeudi 21 mai de 16h \u00e0 19h suivi du Vernissage \u00e0 partir de 19h\u00e0 la galerie 43. 43 rue Vandrezanne, Paris 13\u00e8me.Catalogue visible ICI<\/p>\n","protected":false},"author":2,"featured_media":0,"parent":0,"menu_order":0,"comment_status":"closed","ping_status":"closed","template":"","meta":{"footnotes":""},"class_list":["post-714","page","type-page","status-publish","hentry"],"_links":{"self":[{"href":"https:\/\/www.fieldarts.com\/index.php?rest_route=\/wp\/v2\/pages\/714","targetHints":{"allow":["GET"]}}],"collection":[{"href":"https:\/\/www.fieldarts.com\/index.php?rest_route=\/wp\/v2\/pages"}],"about":[{"href":"https:\/\/www.fieldarts.com\/index.php?rest_route=\/wp\/v2\/types\/page"}],"author":[{"embeddable":true,"href":"https:\/\/www.fieldarts.com\/index.php?rest_route=\/wp\/v2\/users\/2"}],"replies":[{"embeddable":true,"href":"https:\/\/www.fieldarts.com\/index.php?rest_route=%2Fwp%2Fv2%2Fcomments&post=714"}],"version-history":[{"count":461,"href":"https:\/\/www.fieldarts.com\/index.php?rest_route=\/wp\/v2\/pages\/714\/revisions"}],"predecessor-version":[{"id":25107,"href":"https:\/\/www.fieldarts.com\/index.php?rest_route=\/wp\/v2\/pages\/714\/revisions\/25107"}],"wp:attachment":[{"href":"https:\/\/www.fieldarts.com\/index.php?rest_route=%2Fwp%2Fv2%2Fmedia&parent=714"}],"curies":[{"name":"wp","href":"https:\/\/api.w.org\/{rel}","templated":true}]}}